{"id":9,"date":"2024-03-18T08:35:33","date_gmt":"2024-03-18T07:35:33","guid":{"rendered":"https:\/\/labiereducurieux.fr\/?page_id=9"},"modified":"2024-03-18T20:45:39","modified_gmt":"2024-03-18T19:45:39","slug":"a-propos-de","status":"publish","type":"page","link":"https:\/\/labiereducurieux.fr\/index.php\/a-propos-de\/","title":{"rendered":"\u00c0 propos de l&#8217;auteur"},"content":{"rendered":"\n<p><\/p>\n\n\n\n<figure class=\"wp-block-image size-full\"><img loading=\"lazy\" decoding=\"async\" width=\"75\" height=\"80\" src=\"https:\/\/labiereducurieux.fr\/wp-content\/uploads\/2024\/03\/avatar-Yves.jpg\" alt=\"\" class=\"wp-image-45\"\/><\/figure>\n\n\n\n<p>Moi, c\u2019est Yves<\/p>\n\n\n\n<p><br>Je suis n\u00e9 en 1963 en Aveyron<br>Apr\u00e8s des \u00e9tudes d\u2019\u00e9lectronique, j\u2019ai travaill\u00e9 en Dordogne pendant 5 ans. <\/p>\n\n\n\n<p>Un passage par Rodez durant 15 ans en informatique r\u00e9seau, puis mes activit\u00e9s immobili\u00e8res m\u2019ont permis de voyager et de profiter d\u2019un peu de repos \u2026 de courte dur\u00e9e \u2026 j\u2019ai entrepris de partager mes connaissances en cr\u00e9ant un centre culturel et de loisirs dans un joli b\u00e2timent, annexe de ma maison. <\/p>\n\n\n\n<p>Des tables et chambres d\u2019h\u00f4tes permettent de passer un moment agr\u00e9able et de visiter les villages environnants. <\/p>\n\n\n\n<p>N\u2019h\u00e9sitez pas \u00e0 poser vos questions, j\u2019y r\u00e9pondrai avec grand plaisir<\/p>\n\n\n\n<p><br>Soyez CURIEUX !<\/p>\n","protected":false},"excerpt":{"rendered":"<p>Moi, c\u2019est Yves Je suis n\u00e9 en 1963 en AveyronApr\u00e8s des \u00e9tudes d\u2019\u00e9lectronique, j\u2019ai travaill\u00e9 en Dordogne pendant 5 ans. Un passage par Rodez durant 15 ans en informatique r\u00e9seau, puis mes activit\u00e9s immobili\u00e8res m\u2019ont permis de voyager et de profiter d\u2019un peu de repos \u2026 de courte dur\u00e9e \u2026 j\u2019ai entrepris de partager mes &hellip; <\/p>\n<p class=\"link-more\"><a href=\"https:\/\/labiereducurieux.fr\/index.php\/a-propos-de\/\" class=\"more-link\">Continue reading<span class=\"screen-reader-text\"> &#8220;\u00c0 propos de l&#8217;auteur&#8221;<\/span><\/a><\/p>\n","protected":false},"author":1,"featured_media":37,"parent":0,"menu_order":0,"comment_status":"closed","ping_status":"closed","template":"","meta":{"footnotes":""},"class_list":["post-9","page","type-page","status-publish","has-post-thumbnail","hentry"],"_links":{"self":[{"href":"https:\/\/labiereducurieux.fr\/index.php\/wp-json\/wp\/v2\/pages\/9","targetHints":{"allow":["GET"]}}],"collection":[{"href":"https:\/\/labiereducurieux.fr\/index.php\/wp-json\/wp\/v2\/pages"}],"about":[{"href":"https:\/\/labiereducurieux.fr\/index.php\/wp-json\/wp\/v2\/types\/page"}],"author":[{"embeddable":true,"href":"https:\/\/labiereducurieux.fr\/index.php\/wp-json\/wp\/v2\/users\/1"}],"replies":[{"embeddable":true,"href":"https:\/\/labiereducurieux.fr\/index.php\/wp-json\/wp\/v2\/comments?post=9"}],"version-history":[{"count":4,"href":"https:\/\/labiereducurieux.fr\/index.php\/wp-json\/wp\/v2\/pages\/9\/revisions"}],"predecessor-version":[{"id":48,"href":"https:\/\/labiereducurieux.fr\/index.php\/wp-json\/wp\/v2\/pages\/9\/revisions\/48"}],"wp:featuredmedia":[{"embeddable":true,"href":"https:\/\/labiereducurieux.fr\/index.php\/wp-json\/wp\/v2\/media\/37"}],"wp:attachment":[{"href":"https:\/\/labiereducurieux.fr\/index.php\/wp-json\/wp\/v2\/media?parent=9"}],"curies":[{"name":"wp","href":"https:\/\/api.w.org\/{rel}","templated":true}]}}